{"id":130,"date":"2017-02-28T00:02:12","date_gmt":"2017-02-27T23:02:12","guid":{"rendered":"https:\/\/www.villarosemary.eu\/?page_id=130"},"modified":"2020-06-15T17:19:40","modified_gmt":"2020-06-15T15:19:40","slug":"amenities","status":"publish","type":"page","link":"https:\/\/www.villarosemary.eu\/de\/amenities\/","title":{"rendered":"Ausstattung"},"content":{"rendered":"<p><\/p>\n<ul>\n<li>Satelliten Fernsehen<\/li>\n<li>K\u00fchlschrank<\/li>\n<li>Geschirrsp\u00fcler<\/li>\n<li>Geschirr<\/li>\n<li>Backofen, Mikrowelle, Toaster, K\u00fcchenmaschine Monsieur Cuisine<\/li>\n<li>Gew\u00fcrze<\/li>\n<li>Waschmaschine<\/li>\n<\/ul>\n<p><\/p>","protected":false},"excerpt":{"rendered":"<p>Satelliten Fernsehen K\u00fchlschrank Geschirrsp\u00fcler Geschirr Backofen, Mikrowelle, Toaster, K\u00fcchenmaschine Monsieur Cuisine Gew\u00fcrze Waschmaschine<\/p>\n","protected":false},"author":1,"featured_media":0,"parent":0,"menu_order":0,"comment_status":"closed","ping_status":"closed","template":"","meta":{"footnotes":""},"class_list":["post-130","page","type-page","status-publish","hentry"],"_links":{"self":[{"href":"https:\/\/www.villarosemary.eu\/de\/wp-json\/wp\/v2\/pages\/130","targetHints":{"allow":["GET"]}}],"collection":[{"href":"https:\/\/www.villarosemary.eu\/de\/wp-json\/wp\/v2\/pages"}],"about":[{"href":"https:\/\/www.villarosemary.eu\/de\/wp-json\/wp\/v2\/types\/page"}],"author":[{"embeddable":true,"href":"https:\/\/www.villarosemary.eu\/de\/wp-json\/wp\/v2\/users\/1"}],"replies":[{"embeddable":true,"href":"https:\/\/www.villarosemary.eu\/de\/wp-json\/wp\/v2\/comments?post=130"}],"version-history":[{"count":58,"href":"https:\/\/www.villarosemary.eu\/de\/wp-json\/wp\/v2\/pages\/130\/revisions"}],"predecessor-version":[{"id":588,"href":"https:\/\/www.villarosemary.eu\/de\/wp-json\/wp\/v2\/pages\/130\/revisions\/588"}],"wp:attachment":[{"href":"https:\/\/www.villarosemary.eu\/de\/wp-json\/wp\/v2\/media?parent=130"}],"curies":[{"name":"wp","href":"https:\/\/api.w.org\/{rel}","templated":true}]}}