{"id":128,"date":"2017-02-28T00:01:13","date_gmt":"2017-02-27T23:01:13","guid":{"rendered":"https:\/\/www.villarosemary.eu\/?page_id=128"},"modified":"2019-11-18T16:24:01","modified_gmt":"2019-11-18T15:24:01","slug":"equipment","status":"publish","type":"page","link":"https:\/\/www.villarosemary.eu\/de\/equipment\/","title":{"rendered":"Ausr\u00fcstung"},"content":{"rendered":"<p><\/p>\n<ul>\n<li>internet (Wi-Fi)<\/li>\n<li>Fu\u00dfbodenheizung f\u00fcr Toiletten<\/li>\n<li>K\u00fchlung und Heizsystem<\/li>\n<li>4 Parkpl\u00e4tze<\/li>\n<li>Grill \/ Grillger\u00e4te<\/li>\n<li>eigenen Garten<\/li>\n<li>Bettzeug<\/li>\n<li>Handt\u00fccher<\/li>\n<\/ul>\n<p><\/p>","protected":false},"excerpt":{"rendered":"<p>internet (Wi-Fi) Fu\u00dfbodenheizung f\u00fcr Toiletten K\u00fchlung und Heizsystem 4 Parkpl\u00e4tze Grill \/ Grillger\u00e4te eigenen Garten Bettzeug Handt\u00fccher<\/p>\n","protected":false},"author":1,"featured_media":0,"parent":0,"menu_order":0,"comment_status":"closed","ping_status":"closed","template":"","meta":{"footnotes":""},"class_list":["post-128","page","type-page","status-publish","hentry"],"_links":{"self":[{"href":"https:\/\/www.villarosemary.eu\/de\/wp-json\/wp\/v2\/pages\/128","targetHints":{"allow":["GET"]}}],"collection":[{"href":"https:\/\/www.villarosemary.eu\/de\/wp-json\/wp\/v2\/pages"}],"about":[{"href":"https:\/\/www.villarosemary.eu\/de\/wp-json\/wp\/v2\/types\/page"}],"author":[{"embeddable":true,"href":"https:\/\/www.villarosemary.eu\/de\/wp-json\/wp\/v2\/users\/1"}],"replies":[{"embeddable":true,"href":"https:\/\/www.villarosemary.eu\/de\/wp-json\/wp\/v2\/comments?post=128"}],"version-history":[{"count":30,"href":"https:\/\/www.villarosemary.eu\/de\/wp-json\/wp\/v2\/pages\/128\/revisions"}],"predecessor-version":[{"id":481,"href":"https:\/\/www.villarosemary.eu\/de\/wp-json\/wp\/v2\/pages\/128\/revisions\/481"}],"wp:attachment":[{"href":"https:\/\/www.villarosemary.eu\/de\/wp-json\/wp\/v2\/media?parent=128"}],"curies":[{"name":"wp","href":"https:\/\/api.w.org\/{rel}","templated":true}]}}